{"id":103,"date":"2023-06-19T11:26:32","date_gmt":"2023-06-19T09:26:32","guid":{"rendered":"https:\/\/www.biogarten-remetschwiel.de\/?page_id=103"},"modified":"2025-10-20T10:04:51","modified_gmt":"2025-10-20T08:04:51","slug":"status-bilder-und-hinweise","status":"publish","type":"page","link":"https:\/\/www.biogarten-remetschwiel.de\/?page_id=103","title":{"rendered":"Gartenstatus"},"content":{"rendered":"\n<p><strong>Stand 20.10.2025<\/strong><br><strong>Derzeit verf\u00fcgbar:<\/strong><\/p>\n\n\n\n<p><\/p>\n\n\n\n<div class=\"wp-block-media-text is-stacked-on-mobile\"><figure class=\"wp-block-media-text__media\"><img loading=\"lazy\" decoding=\"async\" width=\"1024\" height=\"682\" src=\"https:\/\/www.biogarten-remetschwiel.de\/wp-content\/uploads\/2023\/06\/MG_5513.jpg\" alt=\"\" class=\"wp-image-147 size-full\" srcset=\"https:\/\/www.biogarten-remetschwiel.de\/wp-content\/uploads\/2023\/06\/MG_5513.jpg 1024w, https:\/\/www.biogarten-remetschwiel.de\/wp-content\/uploads\/2023\/06\/MG_5513-300x200.jpg 300w, https:\/\/www.biogarten-remetschwiel.de\/wp-content\/uploads\/2023\/06\/MG_5513-768x512.jpg 768w\" sizes=\"auto, (max-width: 1024px) 100vw, 1024px\" \/><\/figure><div class=\"wp-block-media-text__content\">\n<h2 class=\"wp-block-heading has-text-align-center\">Endiviensalat<\/h2>\n\n\n\n<p>noch einige vorhanden in guter Qualit\u00e4t<\/p>\n<\/div><\/div>\n\n\n\n<div class=\"wp-block-media-text is-stacked-on-mobile\"><figure class=\"wp-block-media-text__media\"><img loading=\"lazy\" decoding=\"async\" width=\"580\" height=\"580\" src=\"https:\/\/www.biogarten-remetschwiel.de\/wp-content\/uploads\/2023\/06\/Biogarten20180715_065.jpg\" alt=\"\" class=\"wp-image-47 size-full\" srcset=\"https:\/\/www.biogarten-remetschwiel.de\/wp-content\/uploads\/2023\/06\/Biogarten20180715_065.jpg 580w, https:\/\/www.biogarten-remetschwiel.de\/wp-content\/uploads\/2023\/06\/Biogarten20180715_065-300x300.jpg 300w, https:\/\/www.biogarten-remetschwiel.de\/wp-content\/uploads\/2023\/06\/Biogarten20180715_065-150x150.jpg 150w, https:\/\/www.biogarten-remetschwiel.de\/wp-content\/uploads\/2023\/06\/Biogarten20180715_065-50x50.jpg 50w, https:\/\/www.biogarten-remetschwiel.de\/wp-content\/uploads\/2023\/06\/Biogarten20180715_065-80x80.jpg 80w\" sizes=\"auto, (max-width: 580px) 100vw, 580px\" \/><\/figure><div class=\"wp-block-media-text__content\">\n<h2 class=\"wp-block-heading has-text-align-center\">Salbei<br>Thymian<br>Gartenkresse<\/h2>\n<\/div><\/div>\n\n\n\n<div class=\"wp-block-media-text is-stacked-on-mobile\"><figure class=\"wp-block-media-text__media\"><img loading=\"lazy\" decoding=\"async\" width=\"580\" height=\"580\" src=\"https:\/\/www.biogarten-remetschwiel.de\/wp-content\/uploads\/2023\/06\/Biogarten20180721_sm_026.jpg\" alt=\"\" class=\"wp-image-41 size-full\" srcset=\"https:\/\/www.biogarten-remetschwiel.de\/wp-content\/uploads\/2023\/06\/Biogarten20180721_sm_026.jpg 580w, https:\/\/www.biogarten-remetschwiel.de\/wp-content\/uploads\/2023\/06\/Biogarten20180721_sm_026-300x300.jpg 300w, https:\/\/www.biogarten-remetschwiel.de\/wp-content\/uploads\/2023\/06\/Biogarten20180721_sm_026-150x150.jpg 150w, https:\/\/www.biogarten-remetschwiel.de\/wp-content\/uploads\/2023\/06\/Biogarten20180721_sm_026-50x50.jpg 50w, https:\/\/www.biogarten-remetschwiel.de\/wp-content\/uploads\/2023\/06\/Biogarten20180721_sm_026-80x80.jpg 80w\" sizes=\"auto, (max-width: 580px) 100vw, 580px\" \/><\/figure><div class=\"wp-block-media-text__content\">\n<h2 class=\"wp-block-heading has-text-align-center\">Mangold<\/h2>\n<\/div><\/div>\n\n\n\n<div class=\"wp-block-media-text is-stacked-on-mobile\"><figure class=\"wp-block-media-text__media\"><img loading=\"lazy\" decoding=\"async\" width=\"950\" height=\"634\" src=\"https:\/\/www.biogarten-remetschwiel.de\/wp-content\/uploads\/2023\/07\/IMG_5539.jpg\" alt=\"\" class=\"wp-image-346 size-full\" srcset=\"https:\/\/www.biogarten-remetschwiel.de\/wp-content\/uploads\/2023\/07\/IMG_5539.jpg 950w, https:\/\/www.biogarten-remetschwiel.de\/wp-content\/uploads\/2023\/07\/IMG_5539-300x200.jpg 300w, https:\/\/www.biogarten-remetschwiel.de\/wp-content\/uploads\/2023\/07\/IMG_5539-768x513.jpg 768w\" sizes=\"auto, (max-width: 950px) 100vw, 950px\" \/><\/figure><div class=\"wp-block-media-text__content\">\n<h2 class=\"wp-block-heading\"><strong>Rote Beete<br><\/strong><\/h2>\n\n\n\n<p><strong><br><\/strong><\/p>\n<\/div><\/div>\n\n\n\n<div class=\"wp-block-media-text is-stacked-on-mobile\"><figure class=\"wp-block-media-text__media\"><img loading=\"lazy\" decoding=\"async\" width=\"435\" height=\"290\" src=\"https:\/\/www.biogarten-remetschwiel.de\/wp-content\/uploads\/2023\/06\/Lauch01.jpg\" alt=\"\" class=\"wp-image-67 size-full\" srcset=\"https:\/\/www.biogarten-remetschwiel.de\/wp-content\/uploads\/2023\/06\/Lauch01.jpg 435w, https:\/\/www.biogarten-remetschwiel.de\/wp-content\/uploads\/2023\/06\/Lauch01-300x200.jpg 300w\" sizes=\"auto, (max-width: 435px) 100vw, 435px\" \/><\/figure><div class=\"wp-block-media-text__content\">\n<h2 class=\"wp-block-heading\"><strong>Kartoffeln<br>Ackerbohnen<\/strong><\/h2>\n\n\n\n<p><strong><br><\/strong><\/p>\n<\/div><\/div>\n\n\n\n<div style=\"height:43px\" aria-hidden=\"true\" class=\"wp-block-spacer\"><\/div>\n\n\n\n<h2 class=\"wp-block-heading has-text-align-right\">Radieschen, Koriander, Petersilie, Feldsalat<\/h2>\n\n\n\n<div class=\"wp-block-media-text is-stacked-on-mobile\"><figure class=\"wp-block-media-text__media\"><img loading=\"lazy\" decoding=\"async\" width=\"950\" height=\"634\" src=\"https:\/\/www.biogarten-remetschwiel.de\/wp-content\/uploads\/2023\/07\/IMG_5530.jpg\" alt=\"\" class=\"wp-image-337 size-full\" srcset=\"https:\/\/www.biogarten-remetschwiel.de\/wp-content\/uploads\/2023\/07\/IMG_5530.jpg 950w, https:\/\/www.biogarten-remetschwiel.de\/wp-content\/uploads\/2023\/07\/IMG_5530-300x200.jpg 300w, https:\/\/www.biogarten-remetschwiel.de\/wp-content\/uploads\/2023\/07\/IMG_5530-768x513.jpg 768w\" sizes=\"auto, (max-width: 950px) 100vw, 950px\" \/><\/figure><div class=\"wp-block-media-text__content\">\n<h2 class=\"wp-block-heading has-text-align-center\">Kohlrabi<br>kann man mit Blatt und Wurzel herausnehmen<\/h2>\n\n\n\n<p>derzeit noch einige vorhanden &#8211; sehr dick aber sehr gut !<\/p>\n<\/div><\/div>\n\n\n\n<h2 class=\"wp-block-heading\">F\u00fcr den Winter in Vorbereitung:<\/h2>\n\n\n\n<div class=\"wp-block-media-text is-stacked-on-mobile\"><figure class=\"wp-block-media-text__media\"><img loading=\"lazy\" decoding=\"async\" width=\"1024\" height=\"682\" src=\"https:\/\/www.biogarten-remetschwiel.de\/wp-content\/uploads\/2023\/06\/MG_5512.jpg\" alt=\"\" class=\"wp-image-146 size-full\" srcset=\"https:\/\/www.biogarten-remetschwiel.de\/wp-content\/uploads\/2023\/06\/MG_5512.jpg 1024w, https:\/\/www.biogarten-remetschwiel.de\/wp-content\/uploads\/2023\/06\/MG_5512-300x200.jpg 300w, https:\/\/www.biogarten-remetschwiel.de\/wp-content\/uploads\/2023\/06\/MG_5512-768x512.jpg 768w\" sizes=\"auto, (max-width: 1024px) 100vw, 1024px\" \/><\/figure><div class=\"wp-block-media-text__content\">\n<h2 class=\"wp-block-heading has-text-align-center\">Gr\u00fcnkkohl<br>einzelne Bl\u00e4tter nach unten abbrechen, aber den Kern der Pflanze bitte unber\u00fchrt lassen.<\/h2>\n<\/div><\/div>\n\n\n\n<div class=\"wp-block-media-text is-stacked-on-mobile\"><figure class=\"wp-block-media-text__media\"><img loading=\"lazy\" decoding=\"async\" width=\"580\" height=\"580\" src=\"https:\/\/www.biogarten-remetschwiel.de\/wp-content\/uploads\/2023\/06\/Biogarten20180721_sm_054.jpg\" alt=\"\" class=\"wp-image-40 size-full\" srcset=\"https:\/\/www.biogarten-remetschwiel.de\/wp-content\/uploads\/2023\/06\/Biogarten20180721_sm_054.jpg 580w, https:\/\/www.biogarten-remetschwiel.de\/wp-content\/uploads\/2023\/06\/Biogarten20180721_sm_054-300x300.jpg 300w, https:\/\/www.biogarten-remetschwiel.de\/wp-content\/uploads\/2023\/06\/Biogarten20180721_sm_054-150x150.jpg 150w, https:\/\/www.biogarten-remetschwiel.de\/wp-content\/uploads\/2023\/06\/Biogarten20180721_sm_054-50x50.jpg 50w, https:\/\/www.biogarten-remetschwiel.de\/wp-content\/uploads\/2023\/06\/Biogarten20180721_sm_054-80x80.jpg 80w\" sizes=\"auto, (max-width: 580px) 100vw, 580px\" \/><\/figure><div class=\"wp-block-media-text__content\">\n<h2 class=\"wp-block-heading has-text-align-center\">Lauch<br>m\u00f6glichst mit kleiner Hand-Schaufel daneben einstechen und herausheben oder einfach aus dem Boden herausziehen <\/h2>\n<\/div><\/div>\n\n\n\n<div style=\"height:48px\" aria-hidden=\"true\" class=\"wp-block-spacer\"><\/div>\n\n\n\n<p><strong>Heu \/ 1. Schnitt<\/strong><br><strong>6,&#8211; \u20ac<\/strong>\/ <strong>Kleinballen<\/strong><\/p>\n\n\n\n<p>Heu von Magerwiese, Kleinballen ca. 18 kg, 50x50cm Rundballen, in Netze gewickelt, <br>Maht mit Balkenm\u00e4her, langfaserig, sehr gut getrocknet.<\/p>\n\n\n\n<figure class=\"wp-block-image size-full is-resized\"><img loading=\"lazy\" decoding=\"async\" width=\"580\" height=\"580\" src=\"https:\/\/www.biogarten-remetschwiel.de\/wp-content\/uploads\/2023\/06\/Biogarten20180715_061_04.jpg\" alt=\"\" class=\"wp-image-28\" style=\"width:460px;height:460px\" srcset=\"https:\/\/www.biogarten-remetschwiel.de\/wp-content\/uploads\/2023\/06\/Biogarten20180715_061_04.jpg 580w, https:\/\/www.biogarten-remetschwiel.de\/wp-content\/uploads\/2023\/06\/Biogarten20180715_061_04-300x300.jpg 300w, https:\/\/www.biogarten-remetschwiel.de\/wp-content\/uploads\/2023\/06\/Biogarten20180715_061_04-150x150.jpg 150w, https:\/\/www.biogarten-remetschwiel.de\/wp-content\/uploads\/2023\/06\/Biogarten20180715_061_04-50x50.jpg 50w, https:\/\/www.biogarten-remetschwiel.de\/wp-content\/uploads\/2023\/06\/Biogarten20180715_061_04-80x80.jpg 80w\" sizes=\"auto, (max-width: 580px) 100vw, 580px\" \/><\/figure>\n\n\n\n<h2 class=\"wp-block-heading\">Samenfeste Saatgut findet man hier bei unserem Lieferanten:<br><a href=\"https:\/\/www.bingenheimersaatgut.de\">https:\/\/www.bingenheimersaatgut.de<\/a><\/h2>\n\n\n\n<div style=\"height:100px\" aria-hidden=\"true\" class=\"wp-block-spacer\"><\/div>\n\n\n\n<figure class=\"wp-block-image size-full is-resized\"><img loading=\"lazy\" decoding=\"async\" width=\"500\" height=\"333\" src=\"https:\/\/www.biogarten-remetschwiel.de\/wp-content\/uploads\/2023\/06\/EU_Organic_Logo_Colour_rgb.jpg\" alt=\"\" class=\"wp-image-62\" style=\"width:158px;height:auto\" srcset=\"https:\/\/www.biogarten-remetschwiel.de\/wp-content\/uploads\/2023\/06\/EU_Organic_Logo_Colour_rgb.jpg 500w, https:\/\/www.biogarten-remetschwiel.de\/wp-content\/uploads\/2023\/06\/EU_Organic_Logo_Colour_rgb-300x200.jpg 300w\" sizes=\"auto, (max-width: 500px) 100vw, 500px\" \/><\/figure>\n\n\n\n<p>DE &#8211; \u00d6KO &#8211; 006<br>Deutsche Landwirtschaft<\/p>\n\n\n\n<figure class=\"wp-block-image size-full is-resized\"><img loading=\"lazy\" decoding=\"async\" width=\"357\" height=\"88\" src=\"https:\/\/www.biogarten-remetschwiel.de\/wp-content\/uploads\/2023\/06\/abcert_logo.png\" alt=\"\" class=\"wp-image-199\" style=\"aspect-ratio:4.065040650406504;width:183px;height:auto\" srcset=\"https:\/\/www.biogarten-remetschwiel.de\/wp-content\/uploads\/2023\/06\/abcert_logo.png 357w, https:\/\/www.biogarten-remetschwiel.de\/wp-content\/uploads\/2023\/06\/abcert_logo-300x74.png 300w\" sizes=\"auto, (max-width: 357px) 100vw, 357px\" \/><\/figure>\n\n\n\n<p>Saatgut findet man hier:<br><a href=\"https:\/\/www.bingenheimersaatgut.de\">https:\/\/www.bingenheimersaatgut.de<\/a><\/p>\n\n\n\n<p><\/p>\n","protected":false},"excerpt":{"rendered":"<p>Stand 20.10.2025Derzeit verf\u00fcgbar: Endiviensalat noch einige vorhanden in guter Qualit\u00e4t SalbeiThymianGartenkresse Mangold Rote Beete KartoffelnAckerbohnen Radieschen, Koriander, Petersilie, Feldsalat Kohlrabikann man mit Blatt und Wurzel herausnehmen derzeit noch einige vorhanden &#8211; sehr dick aber sehr gut ! F\u00fcr den Winter in Vorbereitung: Gr\u00fcnkkohleinzelne Bl\u00e4tter nach unten abbrechen, aber den Kern der Pflanze bitte unber\u00fchrt lassen. [&hellip;]<\/p>\n","protected":false},"author":1,"featured_media":0,"parent":0,"menu_order":0,"comment_status":"closed","ping_status":"closed","template":"","meta":{"footnotes":""},"class_list":["post-103","page","type-page","status-publish","hentry"],"_links":{"self":[{"href":"https:\/\/www.biogarten-remetschwiel.de\/index.php?rest_route=\/wp\/v2\/pages\/103","targetHints":{"allow":["GET"]}}],"collection":[{"href":"https:\/\/www.biogarten-remetschwiel.de\/index.php?rest_route=\/wp\/v2\/pages"}],"about":[{"href":"https:\/\/www.biogarten-remetschwiel.de\/index.php?rest_route=\/wp\/v2\/types\/page"}],"author":[{"embeddable":true,"href":"https:\/\/www.biogarten-remetschwiel.de\/index.php?rest_route=\/wp\/v2\/users\/1"}],"replies":[{"embeddable":true,"href":"https:\/\/www.biogarten-remetschwiel.de\/index.php?rest_route=%2Fwp%2Fv2%2Fcomments&post=103"}],"version-history":[{"count":42,"href":"https:\/\/www.biogarten-remetschwiel.de\/index.php?rest_route=\/wp\/v2\/pages\/103\/revisions"}],"predecessor-version":[{"id":436,"href":"https:\/\/www.biogarten-remetschwiel.de\/index.php?rest_route=\/wp\/v2\/pages\/103\/revisions\/436"}],"wp:attachment":[{"href":"https:\/\/www.biogarten-remetschwiel.de\/index.php?rest_route=%2Fwp%2Fv2%2Fmedia&parent=103"}],"curies":[{"name":"wp","href":"https:\/\/api.w.org\/{rel}","templated":true}]}}