{"id":189,"date":"2023-06-20T16:04:31","date_gmt":"2023-06-20T14:04:31","guid":{"rendered":"https:\/\/www.biogarten-remetschwiel.de\/?page_id=189"},"modified":"2025-09-04T20:13:30","modified_gmt":"2025-09-04T18:13:30","slug":"info-seite","status":"publish","type":"page","link":"https:\/\/www.biogarten-remetschwiel.de\/?page_id=189","title":{"rendered":"Info-Seite"},"content":{"rendered":"\n<p>Der Biogarten m\u00f6chte in die Umgebung wirken und zum Selbsternten animieren.<br>Preise werden selbst eingesch\u00e4tzt. <\/p>\n\n\n\n<p>Besuchen Sie uns und erhalten Sie unvergleichlich frische Salate, Blattgem\u00fcse und  mehr.<br>Wir freuen uns mit Ihrer Unterst\u00fctzung den Garten zum Nutzen aller zu f\u00fchren.<br><br>Schwerpunkte sind : <br>Gem\u00fcse, Beerenobst, Fr\u00fcchte und Heu f\u00fcr Pferde, Kaninchen und Schafe\/Ziegen<\/p>\n\n\n\n<p>Besuchen Sie uns und erhalten Sie unvergleichlich frische Salate, Blattgem\u00fcse und  mehr.<br>Wir freuen uns mit Ihrer Unterst\u00fctzung und durch Ihre Nutzung der Ernteergebnisse den Garten zum Nutzen aller zu f\u00fchren.<br><\/p>\n\n\n\n<p>Verf\u00fcgbar:<\/p>\n\n\n\n<p>Die <strong>verf\u00fcgbaren<\/strong> Gem\u00fcse, Fr\u00fcchte und Kr\u00e4uter werden in der Seite <strong><a rel=\"noreferrer noopener\" href=\"https:\/\/www.biogarten-remetschwiel.de\/?page_id=103\" target=\"_blank\">Gartenstatus<\/a><\/strong> angezeigt.<br><\/p>\n\n\n\n<p>Heu ist stets verf\u00fcgbar und kann in Kleinballen zu ca. 18 kg angeboten werden.<br>Lieferung im Umkreis ist m\u00f6glich.<\/p>\n\n\n\n<figure class=\"wp-block-embed is-type-wp-embed is-provider-biogarten-remetschwiel wp-block-embed-biogarten-remetschwiel\"><div class=\"wp-block-embed__wrapper\">\n<blockquote class=\"wp-embedded-content\" data-secret=\"G2K9nlA4Hs\"><a href=\"https:\/\/www.biogarten-remetschwiel.de\/?page_id=103\">Gartenstatus<\/a><\/blockquote><iframe loading=\"lazy\" class=\"wp-embedded-content\" sandbox=\"allow-scripts\" security=\"restricted\" style=\"position: absolute; visibility: hidden;\" title=\"&#8222;Gartenstatus&#8220; &#8212; Biogarten-Remetschwiel\" src=\"https:\/\/www.biogarten-remetschwiel.de\/?page_id=103&#038;embed=true#?secret=kO1Slgt0Ai#?secret=G2K9nlA4Hs\" data-secret=\"G2K9nlA4Hs\" width=\"600\" height=\"338\" frameborder=\"0\" marginwidth=\"0\" marginheight=\"0\" scrolling=\"no\"><\/iframe>\n<\/div><\/figure>\n\n\n\n<h2 class=\"wp-block-heading\">Unsere Lieferanten f\u00fcr Saatgut und Jungpflanzen:<\/h2>\n\n\n\n<figure class=\"wp-block-image is-resized\"><img decoding=\"async\" src=\"https:\/\/cdn.live.bsag.cahosting.de\/static\/version1756806005\/frontend\/codealliance\/bsag_2020\/de_DE\/images\/logo.svg\" alt=\"\" style=\"width:314px;height:auto\" title=\"\"\/><\/figure>\n\n\n\n<h2 class=\"wp-block-heading\"><a href=\"https:\/\/www.bingenheimersaatgut.de\">https:\/\/www.bingenheimersaatgut.de<\/a><\/h2>\n\n\n\n<div style=\"height:47px\" aria-hidden=\"true\" class=\"wp-block-spacer\"><\/div>\n\n\n\n<h2 class=\"wp-block-heading\"><strong>Christian B\u00e4rthele Bio-Jungpflanzen GmbH &amp; Co. KG<\/strong><br><a href=\"https:\/\/jungpflanzen.bio\/\">www.jungpflanzen.bio<\/a><\/h2>\n\n\n\n<figure class=\"wp-block-embed is-type-wp-embed is-provider-b-rthele-jungpflanzen wp-block-embed-b-rthele-jungpflanzen\"><div class=\"wp-block-embed__wrapper\">\n<blockquote class=\"wp-embedded-content\" data-secret=\"Am2ZtSCX7f\"><a href=\"https:\/\/jungpflanzen.bio\/\">Startseite<\/a><\/blockquote><iframe loading=\"lazy\" class=\"wp-embedded-content\" sandbox=\"allow-scripts\" security=\"restricted\" style=\"position: absolute; visibility: hidden;\" title=\"&#8222;Startseite&#8220; &#8212; B\u00e4rthele Jungpflanzen\" src=\"https:\/\/jungpflanzen.bio\/embed\/#?secret=XxlHpJRqN1#?secret=Am2ZtSCX7f\" data-secret=\"Am2ZtSCX7f\" width=\"600\" height=\"338\" frameborder=\"0\" marginwidth=\"0\" marginheight=\"0\" scrolling=\"no\"><\/iframe>\n<\/div><\/figure>\n\n\n\n<div style=\"height:73px\" aria-hidden=\"true\" class=\"wp-block-spacer\"><\/div>\n\n\n\n<p>Wir werden regelm\u00e4\u00dfig \u00fcberpr\u00fcft und sind zertifiziert durch <\/p>\n\n\n\n<figure class=\"wp-block-image size-full is-resized\"><img loading=\"lazy\" decoding=\"async\" width=\"357\" height=\"88\" src=\"https:\/\/www.biogarten-remetschwiel.de\/wp-content\/uploads\/2023\/06\/abcert_logo.png\" alt=\"\" class=\"wp-image-199\" style=\"aspect-ratio:4.08130081300813;width:198px;height:auto\" srcset=\"https:\/\/www.biogarten-remetschwiel.de\/wp-content\/uploads\/2023\/06\/abcert_logo.png 357w, https:\/\/www.biogarten-remetschwiel.de\/wp-content\/uploads\/2023\/06\/abcert_logo-300x74.png 300w\" sizes=\"auto, (max-width: 357px) 100vw, 357px\" \/><\/figure>\n\n\n\n<figure class=\"wp-block-image size-full is-resized\"><img loading=\"lazy\" decoding=\"async\" width=\"500\" height=\"333\" src=\"https:\/\/www.biogarten-remetschwiel.de\/wp-content\/uploads\/2023\/06\/EU_Organic_Logo_Colour_rgb.jpg\" alt=\"\" class=\"wp-image-62\" style=\"width:198px;height:auto\" srcset=\"https:\/\/www.biogarten-remetschwiel.de\/wp-content\/uploads\/2023\/06\/EU_Organic_Logo_Colour_rgb.jpg 500w, https:\/\/www.biogarten-remetschwiel.de\/wp-content\/uploads\/2023\/06\/EU_Organic_Logo_Colour_rgb-300x200.jpg 300w\" sizes=\"auto, (max-width: 500px) 100vw, 500px\" \/><\/figure>\n\n\n\n<p>DE-\u00d6KO-006<br>Deutsche Landwirtschaft<\/p>\n","protected":false},"excerpt":{"rendered":"<p>Der Biogarten m\u00f6chte in die Umgebung wirken und zum Selbsternten animieren.Preise werden selbst eingesch\u00e4tzt. Besuchen Sie uns und erhalten Sie unvergleichlich frische Salate, Blattgem\u00fcse und mehr.Wir freuen uns mit Ihrer Unterst\u00fctzung den Garten zum Nutzen aller zu f\u00fchren. Schwerpunkte sind : Gem\u00fcse, Beerenobst, Fr\u00fcchte und Heu f\u00fcr Pferde, Kaninchen und Schafe\/Ziegen Besuchen Sie uns und [&hellip;]<\/p>\n","protected":false},"author":1,"featured_media":0,"parent":0,"menu_order":0,"comment_status":"closed","ping_status":"closed","template":"","meta":{"footnotes":""},"class_list":["post-189","page","type-page","status-publish","hentry"],"_links":{"self":[{"href":"https:\/\/www.biogarten-remetschwiel.de\/index.php?rest_route=\/wp\/v2\/pages\/189","targetHints":{"allow":["GET"]}}],"collection":[{"href":"https:\/\/www.biogarten-remetschwiel.de\/index.php?rest_route=\/wp\/v2\/pages"}],"about":[{"href":"https:\/\/www.biogarten-remetschwiel.de\/index.php?rest_route=\/wp\/v2\/types\/page"}],"author":[{"embeddable":true,"href":"https:\/\/www.biogarten-remetschwiel.de\/index.php?rest_route=\/wp\/v2\/users\/1"}],"replies":[{"embeddable":true,"href":"https:\/\/www.biogarten-remetschwiel.de\/index.php?rest_route=%2Fwp%2Fv2%2Fcomments&post=189"}],"version-history":[{"count":12,"href":"https:\/\/www.biogarten-remetschwiel.de\/index.php?rest_route=\/wp\/v2\/pages\/189\/revisions"}],"predecessor-version":[{"id":427,"href":"https:\/\/www.biogarten-remetschwiel.de\/index.php?rest_route=\/wp\/v2\/pages\/189\/revisions\/427"}],"wp:attachment":[{"href":"https:\/\/www.biogarten-remetschwiel.de\/index.php?rest_route=%2Fwp%2Fv2%2Fmedia&parent=189"}],"curies":[{"name":"wp","href":"https:\/\/api.w.org\/{rel}","templated":true}]}}