{"id":2,"date":"2023-06-04T18:54:14","date_gmt":"2023-06-04T16:54:14","guid":{"rendered":"https:\/\/www.biogarten-remetschwiel.de\/?page_id=2"},"modified":"2025-07-14T12:16:43","modified_gmt":"2025-07-14T10:16:43","slug":"beispiel-seite","status":"publish","type":"page","link":"https:\/\/www.biogarten-remetschwiel.de\/","title":{"rendered":"Biogarten-Remetschwiel.de"},"content":{"rendered":"\n<figure class=\"wp-block-gallery has-nested-images columns-default is-cropped wp-block-gallery-1 is-layout-flex wp-block-gallery-is-layout-flex\">\n<figure class=\"wp-block-image size-large\"><img loading=\"lazy\" decoding=\"async\" width=\"580\" height=\"580\" data-id=\"52\" src=\"https:\/\/www.biogarten-remetschwiel.de\/wp-content\/uploads\/2023\/06\/Biogarten20180721_sm_008.jpg\" alt=\"\" class=\"wp-image-52\" srcset=\"https:\/\/www.biogarten-remetschwiel.de\/wp-content\/uploads\/2023\/06\/Biogarten20180721_sm_008.jpg 580w, https:\/\/www.biogarten-remetschwiel.de\/wp-content\/uploads\/2023\/06\/Biogarten20180721_sm_008-300x300.jpg 300w, https:\/\/www.biogarten-remetschwiel.de\/wp-content\/uploads\/2023\/06\/Biogarten20180721_sm_008-150x150.jpg 150w, https:\/\/www.biogarten-remetschwiel.de\/wp-content\/uploads\/2023\/06\/Biogarten20180721_sm_008-50x50.jpg 50w, https:\/\/www.biogarten-remetschwiel.de\/wp-content\/uploads\/2023\/06\/Biogarten20180721_sm_008-80x80.jpg 80w\" sizes=\"auto, (max-width: 580px) 100vw, 580px\" \/><figcaption class=\"wp-element-caption\">Zucchini<\/figcaption><\/figure>\n\n\n\n<figure class=\"wp-block-image size-large\"><img loading=\"lazy\" decoding=\"async\" width=\"580\" height=\"580\" data-id=\"49\" src=\"https:\/\/www.biogarten-remetschwiel.de\/wp-content\/uploads\/2023\/06\/Biogarten20180721_sm_104.jpg\" alt=\"\" class=\"wp-image-49\" srcset=\"https:\/\/www.biogarten-remetschwiel.de\/wp-content\/uploads\/2023\/06\/Biogarten20180721_sm_104.jpg 580w, https:\/\/www.biogarten-remetschwiel.de\/wp-content\/uploads\/2023\/06\/Biogarten20180721_sm_104-300x300.jpg 300w, https:\/\/www.biogarten-remetschwiel.de\/wp-content\/uploads\/2023\/06\/Biogarten20180721_sm_104-150x150.jpg 150w, https:\/\/www.biogarten-remetschwiel.de\/wp-content\/uploads\/2023\/06\/Biogarten20180721_sm_104-50x50.jpg 50w, https:\/\/www.biogarten-remetschwiel.de\/wp-content\/uploads\/2023\/06\/Biogarten20180721_sm_104-80x80.jpg 80w\" sizes=\"auto, (max-width: 580px) 100vw, 580px\" \/><figcaption class=\"wp-element-caption\">Lollo Bionda<\/figcaption><\/figure>\n\n\n\n<figure class=\"wp-block-image size-large\"><img loading=\"lazy\" decoding=\"async\" width=\"580\" height=\"580\" data-id=\"41\" src=\"https:\/\/www.biogarten-remetschwiel.de\/wp-content\/uploads\/2023\/06\/Biogarten20180721_sm_026.jpg\" alt=\"\" class=\"wp-image-41\" srcset=\"https:\/\/www.biogarten-remetschwiel.de\/wp-content\/uploads\/2023\/06\/Biogarten20180721_sm_026.jpg 580w, https:\/\/www.biogarten-remetschwiel.de\/wp-content\/uploads\/2023\/06\/Biogarten20180721_sm_026-300x300.jpg 300w, https:\/\/www.biogarten-remetschwiel.de\/wp-content\/uploads\/2023\/06\/Biogarten20180721_sm_026-150x150.jpg 150w, https:\/\/www.biogarten-remetschwiel.de\/wp-content\/uploads\/2023\/06\/Biogarten20180721_sm_026-50x50.jpg 50w, https:\/\/www.biogarten-remetschwiel.de\/wp-content\/uploads\/2023\/06\/Biogarten20180721_sm_026-80x80.jpg 80w\" sizes=\"auto, (max-width: 580px) 100vw, 580px\" \/><figcaption class=\"wp-element-caption\">Mangold<\/figcaption><\/figure>\n<\/figure>\n\n\n\n<p><strong>Gem\u00fcse aus Remetschwiel<\/strong><\/p>\n\n\n\n<p>Liebe Gartennutzer, Freunde, Nachbarn und Gem\u00fcseliebhaber,<\/p>\n\n\n\n<p><\/p>\n\n\n\n<p>der Biogarten in <strong>Remetschwiel, Zum Buck 11, D-79809 Weilheim-Remetschwiel <\/strong>wird biologisch gef\u00fchrt und ist durch ABCERT als Bio zertifiziert.<br>Wir beabsichtigen ein Angebot f\u00fcr die Nachbarschaft und Region zu liefern.<br>Die Nutzer k\u00f6nnen entweder <strong>selbst ernten<\/strong> oder bei uns <strong>bestellen<\/strong> &#8211; am besten per Email an diese Adresse:<br><a rel=\"noreferrer noopener\" href=\"mailto:info@biogarten-remetschwiel.de\" target=\"_blank\"><strong>info@biogarten-remetschwiel.de<\/strong><\/a> <strong>oder per Telefon 07755-939204<\/strong> <br>oder vor Ort klingeln und um F\u00fchrung durch den Garten nachfragen.<\/p>\n\n\n\n<p>Preise bitte  selbst einzusch\u00e4tzen wie im Laden\/Markt minus Aufwand f\u00fcr das Ernten.<br>Das Grundprinzip ist beim Selbsternten die eigene Einsch\u00e4tzung und dann bitte die Zahlung in die Kasse legen, die im Hof bereitsteht   (kleine Box am Fenster) oder auch gerne per \u00dcberweisung.<br>Rechnungen k\u00f6nnen nach Anforderung  ausgestellt werden.<\/p>\n\n\n\n<p><\/p>\n\n\n\n<p><strong><br>Beim Selbsternten bitte immer ein gutes Messer oder Schere benutzen<\/strong> und m\u00f6glichst die Hauptpflanze nicht besch\u00e4digen. Das ist nat\u00fcrlich bei jeder Pflanzenart immer etwas anders. <br>Wenn Fragen sind, klingeln Sie bitte an der Haust\u00fcr, und wir versuchen ihnen den Weg zum Gem\u00fcse zu zeigen oder auch Hinweise und Fragen zu beantworten.<\/p>\n\n\n\n<p><\/p>\n\n\n<div class=\"wp-block-image\">\n<figure class=\"aligncenter size-full\"><img loading=\"lazy\" decoding=\"async\" width=\"600\" height=\"450\" src=\"https:\/\/www.biogarten-remetschwiel.de\/wp-content\/uploads\/2023\/06\/Lageplan.jpg\" alt=\"\" class=\"wp-image-61\" srcset=\"https:\/\/www.biogarten-remetschwiel.de\/wp-content\/uploads\/2023\/06\/Lageplan.jpg 600w, https:\/\/www.biogarten-remetschwiel.de\/wp-content\/uploads\/2023\/06\/Lageplan-300x225.jpg 300w, https:\/\/www.biogarten-remetschwiel.de\/wp-content\/uploads\/2023\/06\/Lageplan-400x300.jpg 400w\" sizes=\"auto, (max-width: 600px) 100vw, 600px\" \/><figcaption class=\"wp-element-caption\">Lageplan &#8211; \u00dcbersicht<\/figcaption><\/figure>\n<\/div>\n\n\n<h3 class=\"wp-block-heading\">Unser Programm:<\/h3>\n\n\n\n<p>Die Untermen\u00fcs  &#8222;<a rel=\"noreferrer noopener\" href=\"https:\/\/www.biogarten-remetschwiel.de\/?page_id=103\" target=\"_blank\">Gartenstatus<\/a>&#8220;  geben jeweils eine aktuelle Ansicht des Zustands an einem bestimmten Datum und eine Gesamt\u00fcbersicht. <a rel=\"noreferrer noopener\" href=\"https:\/\/www.biogarten-remetschwiel.de\/?page_id=103\" target=\"_blank\">Direkt zum Gartenstatus<\/a><\/p>\n\n\n\n<p><strong>Zucchini<\/strong><\/p>\n\n\n\n<p><\/p>\n\n\n\n<p><strong>Salate<\/strong>:<\/p>\n\n\n\n<p>Lollo Bionda<br>Eichblatt<br>Endivien<br>Rucola<\/p>\n\n\n\n<p><strong>Wurzelgem\u00fcse<\/strong>:<br>Rote Beete<br>Kohlrabi<br>Kartoffeln &#8211; diverse Sorten<\/p>\n\n\n\n<p><strong>Blattgem\u00fcse:<\/strong><\/p>\n\n\n\n<p>Mangold<br>Rothkohl<br>Wei\u00dfkraut<br>Gr\u00fcnkohl &#8211; auch f\u00fcr den Winter<br>Lauch f\u00fcr den Winter<\/p>\n\n\n\n<p><strong>Hokaido K\u00fcrbis<\/strong><\/p>\n\n\n\n<p><strong>Fr\u00fcchte:<\/strong><br>Erdbeeren, Himbeeren, Zwetschgen,<br>\u00c4pfel, Birnen<\/p>\n\n\n\n<p><strong>Stangenbohne (Neckark\u00f6nigin)<\/strong><\/p>\n\n\n\n<p><strong>Apfelsaft im 5 Liter Bag-in-the-Box  Preis 7,&#8211; \u20ac pro Pack.<\/strong><\/p>\n\n\n\n<p><strong>Kr\u00e4uter:<\/strong><\/p>\n\n\n\n<p>Thymian<br>Salbei<br>Petersilie<br>etc&#8230;&#8230;&#8230;..<\/p>\n\n\n\n<p><\/p>\n\n\n\n<p><\/p>\n\n\n\n<figure class=\"wp-block-image size-full is-resized\"><img loading=\"lazy\" decoding=\"async\" width=\"500\" height=\"333\" src=\"https:\/\/www.biogarten-remetschwiel.de\/wp-content\/uploads\/2023\/06\/EU_Organic_Logo_Colour_rgb.jpg\" alt=\"\" class=\"wp-image-62\" style=\"width:158px;height:auto\" srcset=\"https:\/\/www.biogarten-remetschwiel.de\/wp-content\/uploads\/2023\/06\/EU_Organic_Logo_Colour_rgb.jpg 500w, https:\/\/www.biogarten-remetschwiel.de\/wp-content\/uploads\/2023\/06\/EU_Organic_Logo_Colour_rgb-300x200.jpg 300w\" sizes=\"auto, (max-width: 500px) 100vw, 500px\" \/><\/figure>\n\n\n\n<p>DE &#8211; \u00d6KO &#8211; 006<br>Deutsche Landwirtschaft<\/p>\n\n\n\n<figure class=\"wp-block-image size-full is-resized\"><img loading=\"lazy\" decoding=\"async\" width=\"357\" height=\"88\" src=\"https:\/\/www.biogarten-remetschwiel.de\/wp-content\/uploads\/2023\/06\/abcert_logo.png\" alt=\"\" class=\"wp-image-199\" style=\"aspect-ratio:4.065040650406504;width:183px;height:auto\" srcset=\"https:\/\/www.biogarten-remetschwiel.de\/wp-content\/uploads\/2023\/06\/abcert_logo.png 357w, https:\/\/www.biogarten-remetschwiel.de\/wp-content\/uploads\/2023\/06\/abcert_logo-300x74.png 300w\" sizes=\"auto, (max-width: 357px) 100vw, 357px\" \/><\/figure>\n","protected":false},"excerpt":{"rendered":"<p>Gem\u00fcse aus Remetschwiel Liebe Gartennutzer, Freunde, Nachbarn und Gem\u00fcseliebhaber, der Biogarten in Remetschwiel, Zum Buck 11, D-79809 Weilheim-Remetschwiel wird biologisch gef\u00fchrt und ist durch ABCERT als Bio zertifiziert.Wir beabsichtigen ein Angebot f\u00fcr die Nachbarschaft und Region zu liefern.Die Nutzer k\u00f6nnen entweder selbst ernten oder bei uns bestellen &#8211; am besten per Email an diese Adresse:info@biogarten-remetschwiel.de [&hellip;]<\/p>\n","protected":false},"author":1,"featured_media":0,"parent":0,"menu_order":0,"comment_status":"closed","ping_status":"open","template":"","meta":{"footnotes":""},"class_list":["post-2","page","type-page","status-publish","hentry"],"_links":{"self":[{"href":"https:\/\/www.biogarten-remetschwiel.de\/index.php?rest_route=\/wp\/v2\/pages\/2","targetHints":{"allow":["GET"]}}],"collection":[{"href":"https:\/\/www.biogarten-remetschwiel.de\/index.php?rest_route=\/wp\/v2\/pages"}],"about":[{"href":"https:\/\/www.biogarten-remetschwiel.de\/index.php?rest_route=\/wp\/v2\/types\/page"}],"author":[{"embeddable":true,"href":"https:\/\/www.biogarten-remetschwiel.de\/index.php?rest_route=\/wp\/v2\/users\/1"}],"replies":[{"embeddable":true,"href":"https:\/\/www.biogarten-remetschwiel.de\/index.php?rest_route=%2Fwp%2Fv2%2Fcomments&post=2"}],"version-history":[{"count":44,"href":"https:\/\/www.biogarten-remetschwiel.de\/index.php?rest_route=\/wp\/v2\/pages\/2\/revisions"}],"predecessor-version":[{"id":393,"href":"https:\/\/www.biogarten-remetschwiel.de\/index.php?rest_route=\/wp\/v2\/pages\/2\/revisions\/393"}],"wp:attachment":[{"href":"https:\/\/www.biogarten-remetschwiel.de\/index.php?rest_route=%2Fwp%2Fv2%2Fmedia&parent=2"}],"curies":[{"name":"wp","href":"https:\/\/api.w.org\/{rel}","templated":true}]}}