{"id":22,"date":"2023-06-11T09:51:06","date_gmt":"2023-06-11T07:51:06","guid":{"rendered":"https:\/\/www.biogarten-remetschwiel.de\/?page_id=22"},"modified":"2023-06-25T17:44:04","modified_gmt":"2023-06-25T15:44:04","slug":"impressum","status":"publish","type":"page","link":"https:\/\/www.biogarten-remetschwiel.de\/?page_id=22","title":{"rendered":"Impressum"},"content":{"rendered":"\n<p><strong>Karma Kagyu Stiftung<\/strong> &#8211; <a rel=\"noreferrer noopener\" href=\"http:\/\/www. karma-kagyu-foundation.com\" target=\"_blank\">www. karma-kagyu-foundation.com<\/a><br><strong>Seminarhaus Remetschwiel<\/strong> &#8211; <a rel=\"noreferrer noopener\" href=\"http:\/\/www.seminarhaus-remetschwiel.de\" target=\"_blank\">www.seminarhaus-remetschwiel.de<\/a><br><strong>Karma Gyurme Ling<\/strong>  &#8211; <a rel=\"noreferrer noopener\" href=\"http:\/\/www.rigdrol.de\" target=\"_blank\">www.rigdrol.de<\/a><br><strong>Biogarten-Remetschwiel<\/strong> &#8211; <a rel=\"noreferrer noopener\" href=\"http:\/\/www.Biogarten-Remetschwiel\" target=\"_blank\">www.Biogarten-Remetschwiel<\/a><\/p>\n\n\n\n<h3 class=\"wp-block-heading\"><strong>B\u00fcrokontakt<\/strong>:<\/h3>\n\n\n\n<h3 class=\"wp-block-heading\"><strong>Herbert Giller<\/strong><\/h3>\n\n\n\n<p><strong>Karma Kagyu Stiftung<br>Zum Buck 11<br>D-79809 Weilheim<\/strong><br>Tel. +49-(0)7755-939204<br>FAX: +49-(0)7755-939206 (nur nach tel. Anmeldung)<br>info&nbsp;( [add] ) karma-kagyu-foundation.com<br>&nbsp;<br>WebPage:<\/p>\n\n\n\n<p><a href=\"http:\/\/www.Seminarhaus-Remetschwiel.de\" target=\"_blank\" rel=\"noreferrer noopener\">www.Seminarhaus-Remetschwiel.de<\/a><\/p>\n\n\n\n<p><a href=\"http:\/\/www.karma-kagyu-foundation.com\" target=\"_blank\" rel=\"noreferrer noopener\">www.karma-kagyu-foundation.com<\/a><\/p>\n\n\n\n<p><a href=\"http:\/\/www.karma-kagyu-stiftung.de\" target=\"_blank\" rel=\"noreferrer noopener\">www.karma-kagyu-stiftung.de<\/a><\/p>\n\n\n\n<p><a href=\"http:\/\/www.kkstiftung.com\" target=\"_blank\" rel=\"noreferrer noopener\">www.kkstiftung.com<\/a><\/p>\n\n\n\n<p><strong>zust\u00e4ndiges Finanzamt:<\/strong><\/p>\n\n\n\n<p>Finanzamt Waldshut-Tiengen<br>Bahnhofstr. 11<br>D-79761 Waldshut-Tiengen<br><br>Stnr: 20001\/58838<br><br>Die Karma Kagyu Stiftung ist eine Stiftung nach dem Privatrecht und wird durch das Hessischen Stiftungsgesetzt bestimmt.<\/p>\n\n\n\n<p><strong>Zust\u00e4ndige Aufsichtsbeh\u00f6rde \/ Genehmigungsbeh\u00f6rde:<\/strong><\/p>\n\n\n\n<p>Stiftungsaufsicht Wilhelminenhaus Wilhelminenstra\u00dfe 1-3 D-64283 Darmstadt<br><br>Umsatzsteuer gem\u00e4\u00df \u00a7 27 a Umsatzsteuergesetz<br>USt-IdNr. : <strong>DE814164706<\/strong><\/p>\n\n\n\n<p>Webdesign, formal und inhaltliche Gestaltung<\/p>\n\n\n\n<p><strong>Herbert Giller<br>Zum Buck 11<br>79809 Weilheim<\/strong><\/p>\n\n\n\n<p><br>alleinvertretungsberechtigte Person(en):<\/p>\n\n\n\n<p><strong>Herbert Giller<br>Zum Buck 11<br>79809 Weilheim<\/strong><\/p>\n\n\n\n<p>tel&nbsp; +49 (0)7755-939204<\/p>\n\n\n\n<p>Inhaltlich Verantwortlicher gem\u00e4\u00df \u00a7 10 Absatz 3 MDStV:<\/p>\n\n\n\n<p><strong>Herbert Giller<br>Zum Buck 11<br>79809 Weilheim<\/strong><\/p>\n\n\n\n<p>tel +49 (0)7755-939204<br><br>Haftungshinweis: Trotz sorgf\u00e4ltiger inhaltlicher Kontrolle \u00fcbernehmen wir keine Haftung f\u00fcr die Inhalte externer Links. F\u00fcr den Inhalt der verlinkten Seiten sind ausschlie\u00dflich deren Betreiber verantwortlich.<\/p>\n\n\n\n<h5 class=\"wp-block-heading\">Webdesign \u2013 Gestaltung und st\u00e4ndige Webseitenbetreuung<\/h5>\n\n\n\n<h5 class=\"wp-block-heading\"><br>Webdesign, formale und inhaltliche Gestaltung<br>Webseitengestaltung und Webmaster<\/h5>\n\n\n\n<p><strong><br>Herbert Giller<br>Zum Buck 11<br>79809 Weilheim<\/strong><\/p>\n\n\n\n<p>Email: hg7(\u00e4ddt)gmx.de<br><br>Homepage: <a rel=\"noreferrer noopener\" href=\"http:\/\/www.rigdrol.com\" target=\"_blank\">www.rigdrol.com<\/a><\/p>\n","protected":false},"excerpt":{"rendered":"<p>Karma Kagyu Stiftung &#8211; www. karma-kagyu-foundation.comSeminarhaus Remetschwiel &#8211; www.seminarhaus-remetschwiel.deKarma Gyurme Ling &#8211; www.rigdrol.deBiogarten-Remetschwiel &#8211; www.Biogarten-Remetschwiel B\u00fcrokontakt: Herbert Giller Karma Kagyu StiftungZum Buck 11D-79809 WeilheimTel. +49-(0)7755-939204FAX: +49-(0)7755-939206 (nur nach tel. Anmeldung)info&nbsp;( [add] ) karma-kagyu-foundation.com&nbsp;WebPage: www.Seminarhaus-Remetschwiel.de www.karma-kagyu-foundation.com www.karma-kagyu-stiftung.de www.kkstiftung.com zust\u00e4ndiges Finanzamt: Finanzamt Waldshut-TiengenBahnhofstr. 11D-79761 Waldshut-Tiengen Stnr: 20001\/58838 Die Karma Kagyu Stiftung ist eine Stiftung nach dem Privatrecht [&hellip;]<\/p>\n","protected":false},"author":1,"featured_media":0,"parent":0,"menu_order":0,"comment_status":"closed","ping_status":"closed","template":"","meta":{"footnotes":""},"class_list":["post-22","page","type-page","status-publish","hentry"],"_links":{"self":[{"href":"https:\/\/www.biogarten-remetschwiel.de\/index.php?rest_route=\/wp\/v2\/pages\/22","targetHints":{"allow":["GET"]}}],"collection":[{"href":"https:\/\/www.biogarten-remetschwiel.de\/index.php?rest_route=\/wp\/v2\/pages"}],"about":[{"href":"https:\/\/www.biogarten-remetschwiel.de\/index.php?rest_route=\/wp\/v2\/types\/page"}],"author":[{"embeddable":true,"href":"https:\/\/www.biogarten-remetschwiel.de\/index.php?rest_route=\/wp\/v2\/users\/1"}],"replies":[{"embeddable":true,"href":"https:\/\/www.biogarten-remetschwiel.de\/index.php?rest_route=%2Fwp%2Fv2%2Fcomments&post=22"}],"version-history":[{"count":3,"href":"https:\/\/www.biogarten-remetschwiel.de\/index.php?rest_route=\/wp\/v2\/pages\/22\/revisions"}],"predecessor-version":[{"id":303,"href":"https:\/\/www.biogarten-remetschwiel.de\/index.php?rest_route=\/wp\/v2\/pages\/22\/revisions\/303"}],"wp:attachment":[{"href":"https:\/\/www.biogarten-remetschwiel.de\/index.php?rest_route=%2Fwp%2Fv2%2Fmedia&parent=22"}],"curies":[{"name":"wp","href":"https:\/\/api.w.org\/{rel}","templated":true}]}}