{"id":75,"date":"2023-06-11T10:20:39","date_gmt":"2023-06-11T08:20:39","guid":{"rendered":"https:\/\/www.biogarten-remetschwiel.de\/?page_id=75"},"modified":"2023-06-25T18:00:25","modified_gmt":"2023-06-25T16:00:25","slug":"link-zum-seminarhaus-remetschwiel","status":"publish","type":"page","link":"https:\/\/www.biogarten-remetschwiel.de\/?page_id=75","title":{"rendered":"Link zum Seminarhaus Remetschwiel"},"content":{"rendered":"\n<h2 class=\"wp-block-heading\"><a href=\"http:\/\/www.seminarhaus-remetschwiel.de\" target=\"_blank\" rel=\"noreferrer noopener\">www.seminarhaus-remetschwiel.de<\/a><\/h2>\n\n\n\n<h1 class=\"wp-block-heading\">Ort der Beschaulichkeit, der Gemeinschaft und des kreativen Miteinanders<\/h1>\n\n\n\n<p><strong>Das Haus bietet 2 Bereiche einzeln oder kombiniert und ist geeignet f\u00fcr: <\/strong><br><br><strong>Seminare, Gruppenarbeit, Familienfreitzeit, Kurse, Fortbildungsveranstaltungen, Yoga, Orchester Musikproben, Stilles Verweilen, Meditative \u00dcbungen, Wanderferien, Spirituelle Entwicklung<\/strong><br><br><strong>25 Betten, 2 Seminarr\u00e4ume\/Gruppenr\u00e4ume + 1 Yurte mit 6 Meter Durchmesser.<\/strong><br><strong>2 voll ausgestattete K\u00fcchen, Balkone und Wiese \/ Grillplatz<\/strong><\/p>\n\n\n\n<p><strong>Landschaftlich sehr sch\u00f6ne Lage<\/strong><br><strong>Ein Haus f\u00fcr Selbstversorger<\/strong><\/p>\n\n\n\n<p><strong>Viel Fl\u00e4che, hoher Standard<\/strong><br><strong>Selbst mitgebrachte Campingmatten und Schlafs\u00e4cke im Haus sind m\u00f6glich<\/strong><br><strong>f\u00fcr zus\u00e4tzliche Teilnehmer.<\/strong><\/p>\n\n\n\n<p><strong>Der das Haus umgebende Biogarten-Remetschwiel liefert Gem\u00fcse und Fr\u00fcchte je nach Saison.<\/strong><\/p>\n\n\n\n<p><strong>Das Haus ist \u2014NICHT\u2014 geeignet f\u00fcr laute Parties, Disko, wilde Feten, Saufgelage etc.<\/strong><\/p>\n\n\n\n<figure class=\"wp-block-image\"><img decoding=\"async\" src=\"https:\/\/dharmahaus-koeln.de\/wp-content\/uploads\/2023\/04\/5b19339f65.jpg\" alt=\"\" class=\"wp-image-15\"\/><\/figure>\n\n\n\n<p><a rel=\"noreferrer noopener\" href=\"http:\/\/www.seminarhaus-remetschwiel.de\" target=\"_blank\">www.seminarhaus-remetschwiel.de<\/a><\/p>\n\n\n\n<h2 class=\"wp-block-heading\"><a href=\"https:\/\/www.biogarten-remetschwiel.de\"><\/a>Hausinfos<\/h2>\n\n\n\n<p>Das Seminarhaus Remetschwiel ist ein vielseitig nutzbar : <br>mit Grillplatz, zwei Bereichen und sehr gro\u00dfz\u00fcgigem Raumangebot.<br>Es ist geeignet f\u00fcr Selbstversorgergruppen als Gruppenhaus, Seminarhaus oder Familienunterkunft.<br>Familienfeste sind m\u00f6glich. Die Gruppenunterkunft bietet einen hohen Standard bzgl. Sanit\u00e4ranlagen einschlie\u00dflich vom Garten her leicht zug\u00e4ngliche moderne WCs und Duschen im Erdgeschoss.<br>F\u00fcr Grill und Spiele gut geeignet.<br>Es gibt mehrere Biertischgarnituren, die am Grill oder Lagerfeuer genutzt werden k\u00f6nnen.<br>Ebenso ist das freie Balkonleben auf dem ger\u00e4umigem Balkon  im 1. OG direkt neben dem allgemeinen Essraum m\u00f6glich. Als Sonnenschutz sind Schirme verf\u00fcgbar.<br>Im Dachgeschoss befinden sich nochmals 2 Balkone mit Aussicht bis hin zu den Alpen.<br>Balkonausstattungen sind vorhanden.<\/p>\n\n\n\n<h1 class=\"wp-block-heading\"><a href=\"https:\/\/www.biogarten-remetschwiel.de\"><\/a><a href=\"https:\/\/www.biogarten-remetschwiel.de\" target=\"_blank\" rel=\"noreferrer noopener\">Biogarten-Remetschwiel.de<\/a><\/h1>\n\n\n\n<p>Der Biogarten wird am Ort in Remetschwile als zertifizierter biologischer Anbau betrieben.<br>Sowohl G\u00e4ste als auch Besucher und alle am Ort k\u00f6nnen gerne ernten, kaufen, bestellen oder frisch abholen.<\/p>\n\n\n\n<p>F\u00fcr G\u00e4stegruppen besteht die M\u00f6glichkeit in der jeweiligen Saison geeignete Gem\u00fcse f\u00fcr die K\u00fcche im Selbstversorgerhaus zu nutzen.<br>Apfelsaft, Konfit\u00fcren und andere Produkte sind auch saison\u00fcbergreifend verf\u00fcgbar.<\/p>\n\n\n\n<p>Bitte fragen Sie nach!<\/p>\n\n\n\n<p>Gerne zeigen wir ihnen auch die Anbaufl\u00e4chen.<br>Selbsternten ist m\u00f6glich.<br>Frischer geht&#8217;s nicht.<\/p>\n\n\n\n<p><a rel=\"noreferrer noopener\" href=\"https:\/\/www.biogarten-remetschwiel.de\" target=\"_blank\">Hier der Link zum Biogarten direkt \u2013 bitte hier klicken<\/a><\/p>\n\n\n\n<p><a href=\"https:\/\/www.biogarten-remetschwiel.de\/\" target=\"_blank\" rel=\"noreferrer noopener\">Biogarten Remetschwiel<\/a><\/p>\n\n\n\n<figure class=\"wp-block-image size-full is-resized\"><img loading=\"lazy\" decoding=\"async\" width=\"500\" height=\"333\" src=\"https:\/\/www.biogarten-remetschwiel.de\/wp-content\/uploads\/2023\/06\/EU_Organic_Logo_Colour_rgb.jpg\" alt=\"\" class=\"wp-image-62\" style=\"width:158px;height:auto\" srcset=\"https:\/\/www.biogarten-remetschwiel.de\/wp-content\/uploads\/2023\/06\/EU_Organic_Logo_Colour_rgb.jpg 500w, https:\/\/www.biogarten-remetschwiel.de\/wp-content\/uploads\/2023\/06\/EU_Organic_Logo_Colour_rgb-300x200.jpg 300w\" sizes=\"auto, (max-width: 500px) 100vw, 500px\" \/><\/figure>\n\n\n\n<p>DE &#8211; \u00d6KO &#8211; 006<br>Deutsche Landwirtschaft<\/p>\n\n\n\n<figure class=\"wp-block-image size-full is-resized\"><img loading=\"lazy\" decoding=\"async\" width=\"357\" height=\"88\" src=\"https:\/\/www.biogarten-remetschwiel.de\/wp-content\/uploads\/2023\/06\/abcert_logo.png\" alt=\"\" class=\"wp-image-199\" style=\"aspect-ratio:4.065040650406504;width:183px;height:auto\" srcset=\"https:\/\/www.biogarten-remetschwiel.de\/wp-content\/uploads\/2023\/06\/abcert_logo.png 357w, https:\/\/www.biogarten-remetschwiel.de\/wp-content\/uploads\/2023\/06\/abcert_logo-300x74.png 300w\" sizes=\"auto, (max-width: 357px) 100vw, 357px\" \/><\/figure>\n","protected":false},"excerpt":{"rendered":"<p>www.seminarhaus-remetschwiel.de Ort der Beschaulichkeit, der Gemeinschaft und des kreativen Miteinanders Das Haus bietet 2 Bereiche einzeln oder kombiniert und ist geeignet f\u00fcr: Seminare, Gruppenarbeit, Familienfreitzeit, Kurse, Fortbildungsveranstaltungen, Yoga, Orchester Musikproben, Stilles Verweilen, Meditative \u00dcbungen, Wanderferien, Spirituelle Entwicklung 25 Betten, 2 Seminarr\u00e4ume\/Gruppenr\u00e4ume + 1 Yurte mit 6 Meter Durchmesser.2 voll ausgestattete K\u00fcchen, Balkone und Wiese \/ [&hellip;]<\/p>\n","protected":false},"author":1,"featured_media":0,"parent":0,"menu_order":0,"comment_status":"closed","ping_status":"closed","template":"","meta":{"footnotes":""},"class_list":["post-75","page","type-page","status-publish","hentry"],"_links":{"self":[{"href":"https:\/\/www.biogarten-remetschwiel.de\/index.php?rest_route=\/wp\/v2\/pages\/75","targetHints":{"allow":["GET"]}}],"collection":[{"href":"https:\/\/www.biogarten-remetschwiel.de\/index.php?rest_route=\/wp\/v2\/pages"}],"about":[{"href":"https:\/\/www.biogarten-remetschwiel.de\/index.php?rest_route=\/wp\/v2\/types\/page"}],"author":[{"embeddable":true,"href":"https:\/\/www.biogarten-remetschwiel.de\/index.php?rest_route=\/wp\/v2\/users\/1"}],"replies":[{"embeddable":true,"href":"https:\/\/www.biogarten-remetschwiel.de\/index.php?rest_route=%2Fwp%2Fv2%2Fcomments&post=75"}],"version-history":[{"count":32,"href":"https:\/\/www.biogarten-remetschwiel.de\/index.php?rest_route=\/wp\/v2\/pages\/75\/revisions"}],"predecessor-version":[{"id":334,"href":"https:\/\/www.biogarten-remetschwiel.de\/index.php?rest_route=\/wp\/v2\/pages\/75\/revisions\/334"}],"wp:attachment":[{"href":"https:\/\/www.biogarten-remetschwiel.de\/index.php?rest_route=%2Fwp%2Fv2%2Fmedia&parent=75"}],"curies":[{"name":"wp","href":"https:\/\/api.w.org\/{rel}","templated":true}]}}