{"id":89,"date":"2023-06-19T10:18:38","date_gmt":"2023-06-19T08:18:38","guid":{"rendered":"https:\/\/www.biogarten-remetschwiel.de\/?page_id=89"},"modified":"2026-04-20T10:11:00","modified_gmt":"2026-04-20T08:11:00","slug":"selbsternten","status":"publish","type":"page","link":"https:\/\/www.biogarten-remetschwiel.de\/?page_id=89","title":{"rendered":"Selbsternten"},"content":{"rendered":"\n<p><strong>Hier einige Hinweise zum Selbsternten im Biogarten Remetschwiel<\/strong><\/p>\n\n\n\n<p>Ein gutes Messer oder Gartenschere mitbringen<\/p>\n\n\n\n<p><strong>Unterer Bereich links und unterhalb der Scheune<\/strong><\/p>\n\n\n\n<ol class=\"wp-block-list\">\n<li>Dort gibt es, soweit schon reif:<br>Mangold, Kohlrabi, Rote Beete, Broccoli, Kohl, Zucchini (ganz unten) <br>und vor allem diverse Salate, sp\u00e4ter dann im Winter auch Lauch und Rosenkohl.<\/li>\n\n\n\n<li>Bitte nur ernten was schon voll entfaltet ist und noch kleine Jungpflanzen schonen.<\/li>\n\n\n\n<li>Zur Ernte m\u00f6glichst ein gutes Messer\/Schere benutzen und Pflanze oder einzelne Bl\u00e4tter abschneiden.<\/li>\n\n\n\n<li>Bl\u00e4tter und Reste auf dem Boden am Ort liegen lassen.<br><\/li>\n<\/ol>\n\n\n\n<p>Die Kasse steht im Hof am Fenster (kleine Holzkiste)<br>Dort hineinlegen was einjeder f\u00fcr sich als richtigen Wert f\u00fcr das geerntete Gem\u00fcse erachtet.<br><br>Danke !<\/p>\n\n\n\n<figure class=\"wp-block-image size-full is-resized\"><img loading=\"lazy\" decoding=\"async\" width=\"500\" height=\"333\" src=\"https:\/\/www.biogarten-remetschwiel.de\/wp-content\/uploads\/2023\/06\/EU_Organic_Logo_Colour_rgb.jpg\" alt=\"\" class=\"wp-image-62\" style=\"width:158px;height:auto\" srcset=\"https:\/\/www.biogarten-remetschwiel.de\/wp-content\/uploads\/2023\/06\/EU_Organic_Logo_Colour_rgb.jpg 500w, https:\/\/www.biogarten-remetschwiel.de\/wp-content\/uploads\/2023\/06\/EU_Organic_Logo_Colour_rgb-300x200.jpg 300w\" sizes=\"auto, (max-width: 500px) 100vw, 500px\" \/><\/figure>\n\n\n\n<p>DE &#8211; \u00d6KO &#8211; 006<br>Deutsche Landwirtschaft<\/p>\n\n\n\n<figure class=\"wp-block-image size-full is-resized\"><img loading=\"lazy\" decoding=\"async\" width=\"357\" height=\"88\" src=\"https:\/\/www.biogarten-remetschwiel.de\/wp-content\/uploads\/2023\/06\/abcert_logo.png\" alt=\"\" class=\"wp-image-199\" style=\"aspect-ratio:4.065040650406504;width:183px;height:auto\" srcset=\"https:\/\/www.biogarten-remetschwiel.de\/wp-content\/uploads\/2023\/06\/abcert_logo.png 357w, https:\/\/www.biogarten-remetschwiel.de\/wp-content\/uploads\/2023\/06\/abcert_logo-300x74.png 300w\" sizes=\"auto, (max-width: 357px) 100vw, 357px\" \/><\/figure>\n\n\n\n<p><\/p>\n","protected":false},"excerpt":{"rendered":"<p>Hier einige Hinweise zum Selbsternten im Biogarten Remetschwiel Ein gutes Messer oder Gartenschere mitbringen Unterer Bereich links und unterhalb der Scheune Die Kasse steht im Hof am Fenster (kleine Holzkiste)Dort hineinlegen was einjeder f\u00fcr sich als richtigen Wert f\u00fcr das geerntete Gem\u00fcse erachtet. Danke !<\/p>\n","protected":false},"author":1,"featured_media":0,"parent":0,"menu_order":0,"comment_status":"closed","ping_status":"closed","template":"","meta":{"footnotes":""},"class_list":["post-89","page","type-page","status-publish","hentry"],"_links":{"self":[{"href":"https:\/\/www.biogarten-remetschwiel.de\/index.php?rest_route=\/wp\/v2\/pages\/89","targetHints":{"allow":["GET"]}}],"collection":[{"href":"https:\/\/www.biogarten-remetschwiel.de\/index.php?rest_route=\/wp\/v2\/pages"}],"about":[{"href":"https:\/\/www.biogarten-remetschwiel.de\/index.php?rest_route=\/wp\/v2\/types\/page"}],"author":[{"embeddable":true,"href":"https:\/\/www.biogarten-remetschwiel.de\/index.php?rest_route=\/wp\/v2\/users\/1"}],"replies":[{"embeddable":true,"href":"https:\/\/www.biogarten-remetschwiel.de\/index.php?rest_route=%2Fwp%2Fv2%2Fcomments&post=89"}],"version-history":[{"count":29,"href":"https:\/\/www.biogarten-remetschwiel.de\/index.php?rest_route=\/wp\/v2\/pages\/89\/revisions"}],"predecessor-version":[{"id":445,"href":"https:\/\/www.biogarten-remetschwiel.de\/index.php?rest_route=\/wp\/v2\/pages\/89\/revisions\/445"}],"wp:attachment":[{"href":"https:\/\/www.biogarten-remetschwiel.de\/index.php?rest_route=%2Fwp%2Fv2%2Fmedia&parent=89"}],"curies":[{"name":"wp","href":"https:\/\/api.w.org\/{rel}","templated":true}]}}